{"id":3,"date":"2021-02-23T18:54:29","date_gmt":"2021-02-23T17:54:29","guid":{"rendered":"http:\/\/www.gnitalia.com\/?page_id=3"},"modified":"2021-05-27T16:26:08","modified_gmt":"2021-05-27T14:26:08","slug":"privacy-policy","status":"publish","type":"page","link":"https:\/\/www.istitutocomprensivofuscaldo.edu.it\/?page_id=3","title":{"rendered":"Privacy policy"},"content":{"rendered":"\t\t<div data-elementor-type=\"wp-page\" data-elementor-id=\"3\" class=\"elementor elementor-3\">\n\t\t\t\t\t\t\t\t\t<section class=\"elementor-section elementor-top-section elementor-element elementor-element-33e236d7 elementor-section-boxed elementor-section-height-default elementor-section-height-default\" data-id=\"33e236d7\" data-element_type=\"section\">\n\t\t\t\t\t\t<div class=\"elementor-container elementor-column-gap-default\">\n\t\t\t\t\t<div class=\"elementor-column elementor-col-100 elementor-top-column elementor-element elementor-element-3f092e8d\" data-id=\"3f092e8d\" data-element_type=\"column\">\n\t\t\t<div class=\"elementor-widget-wrap elementor-element-populated\">\n\t\t\t\t\t\t\t\t<div class=\"elementor-element elementor-element-09e9959 elementor-widget elementor-widget-heading\" data-id=\"09e9959\" data-element_type=\"widget\" data-widget_type=\"heading.default\">\n\t\t\t\t<div class=\"elementor-widget-container\">\n\t\t\t<h2 class=\"elementor-heading-title elementor-size-default\">COOKIE POLICY<\/h2>\t\t<\/div>\n\t\t\t\t<\/div>\n\t\t\t\t<div class=\"elementor-element elementor-element-15d429f5 elementor-widget elementor-widget-text-editor\" data-id=\"15d429f5\" data-element_type=\"widget\" data-widget_type=\"text-editor.default\">\n\t\t\t\t<div class=\"elementor-widget-container\">\n\t\t\t\t\t\t\t<p>Sul Sito che stai visitando utilizziamo i \u201ccookie\u201d:\u00a0 tecnologie utili a migliorare la tua navigazione.<br \/>Con la presente Policy vogliamo farti comprendere le caratteristiche e finalit\u00e0 dei cookie e le modalit\u00e0 con cui eventualmente disabilitarli.<br \/>Nella nostra qualit\u00e0 di Titolari del trattamento dei dati personali potremo modificare questa Policy in qualsiasi momento: ogni modifica avr\u00e0 effetto dalla data di pubblicazione sul Sito.<\/p>\n<h2><strong>Cosa sono i cookie?<\/strong><\/h2>\n<p>I cookie sono file di testo che i siti visitati dall&#8217;utente inviano al suo terminale (solitamente al browser) dove vengono memorizzati per essere poi ritrasmessi agli stessi siti alla successiva visita del medesimo utente.<br \/>Il loro funzionamento \u00e8 totalmente dipendente dal browser di navigazione che l&#8217;utente utilizza e possono essere abilitati o meno dall\u2019utente stesso.<br \/>I cookie che utilizziamo nel presente Sito sono utilizzati per far funzionare pi\u00f9 efficientemente la tua navigazione e migliorare la tua esperienza on line.<\/p>\n<h2><strong>Utilizzo dei cookie<\/strong><\/h2>\n<p><strong>Visitando il sito accetti l&#8217;utilizzo dei cookie sul suo dispositivo.<\/strong><\/p>\n<p>Se non desideri che questo sito collochi cookie sul suo dispositivo puoi rifiutarne l&#8217;utilizzo selezionando l&#8217;apposita configurazione dalle impostazioni o dalle opzioni del suo browser.<br \/>Tieni presente, tuttavia, che cos\u00ec facendo potresti non avere pieno accesso a tutte le funzioni del sito.<\/p>\n<h3><strong>Quali cookie sono utilizzati in questo Sito?<\/strong><\/h3>\n<ul>\n<li><strong>Cookie tecnici necessari al funzionamento del Sito ed all\u2019erogazione dei servizi in esso proposti<\/strong><br \/>Possono essere suddivisi in:\n<ul>\n<li><strong>cookie di navigazione o di sessione<\/strong>\u00a0che garantiscono la normale navigazione e fruizione del Sito<\/li>\n<li><strong>cookie analytics<\/strong>\u00a0mirati a raccogliere informazioni, ai fini statistici ed in forma aggregata, sul numero degli utenti e su come gli stessi visitano il sito<\/li>\n<li><strong>cookie di personalizzazione<\/strong>\u00a0che permettono all\u2019utente, migliorandone il servizio, la navigazione in funzione di una serie di criteri selezionabili (es. lingua prescelta)<\/li>\n<\/ul>\n<\/li>\n<li><strong>Il nostro sito non produce direttamente cookie di profilazione<\/strong>: cookie che creano profili dell\u2019utente e che vengono utilizzati per inviare messaggi pubblicitari in linea con le preferenze manifestate dall\u2019utente attraverso le sue scelte di navigazione in rete.<br \/>Il nostro sito, per\u00f2, pu\u00f2 contenere link, servizi, immagini o componenti multimediali di terze parti che possono generare a loro volta cookie sui quali non possiamo avere il controllo diretto<\/li>\n<li>Il Sito potrebbe contenere collegamenti ad altri siti Web che dispongono di una propria informativa sulla privacyche pu\u00f2 essere diverse da quella adottata e che quindi\u00a0non risponde di questi siti.<br \/>\u200bL&#8221;informativa sull&#8217;uso dei cookie non riguarda i link presenti nel sito Web che indirizzano a siti web di terzi.<br \/>Si consiglia pertanto di leggere le informative sulla privacy presenti negli altri siti web visitati.<br \/><strong>Pulsante e widget sociali di YouTube<\/strong><br \/>Nel sito sono inclusi video, pulsanti ed altri widget sociali del servizio YouTube di YouTube, LLC. Queste componenti possono utilizzare dei cookie generati direttamente dai server di Youtube e suoi partner.<br \/>In qualit\u00e0 di editore non siamo in grado di fornire un&#8217;informativa adeguata sull&#8217;uso dei cookie da parte del provider\/concessionario del servizio.<br \/>A riguardo consigliamo di visitare i\u00a0seguente link:\n<ul>\n<li><a title=\"Link esterno al sito\" href=\"https:\/\/www.google.it\/intl\/it\/policies\/technologies\/cookies\/\">In che modo Google utilizza i cookie<\/a><\/li>\n<li><a href=\"https:\/\/it-it.facebook.com\/help\/cookies\/\">Pulsanti e widget sociali di Facebook<\/a><\/li>\n<\/ul>\n<\/li>\n<\/ul>\n<p><strong>Come posso disabilitare i cookie?<\/strong><\/p>\n<ul>\n<li>Se non desideri ricevere e memorizzare cookie sul tuo dispositivo puoi anche modificare le impostazioni di sicurezza del tuo browser accedendo ai link di seguito indicati e seguendo le informazioni ivi contenute:\n<ul>\n<li><a title=\"Link esterno a Google Chrome\" href=\"https:\/\/support.google.com\/chrome\/answer\/95647?hl=it\">Google Chrome<\/a><\/li>\n<li><a href=\"https:\/\/support.mozilla.org\/it\/kb\/Gestione%20dei%20cookie\">Firefox<\/a><\/li>\n<li><a href=\"http:\/\/windows.microsoft.com\/it-it\/windows7\/block-enable-or-allow-cookies\">Internet Explorer<\/a><\/li>\n<li><a href=\"http:\/\/help.opera.com\/Windows\/10.00\/it\/cookies.html\">Opera<\/a><\/li>\n<li><a href=\"https:\/\/support.apple.com\/it-it\/HT201265\">Safari<\/a><\/li>\n<\/ul>\n<\/li>\n<li>Nel caso di utilizzo di dispositivi diversi (computer, smartphone, tablet, ecc.) assicurati di organizzare ogni browser di ciascun dispositivo alle tue preferenze in fatto di cookie.<\/li>\n<\/ul>\n<p><strong>La &#8220;Privacy Policy&#8221; dell&#8217;Istituto e la &#8220;Cookie\u00a0Policy&#8221; sono sempre reperibili nel blocco Note legali posto in fondo ad ogni pagina.<\/strong><\/p>\n<p><em><a href=\"http:\/\/www.garanteprivacy.it\/web\/guest\/home\/docweb\/-\/docweb-display\/docweb\/3118884\">Garante Privacy &#8211; Individuazione delle modalit\u00e0 semplificate per l\u2019informativa e l\u2019acquisizione del consenso per l\u2019uso dei cookie<\/a><\/em><\/p>\t\t\t\t\t\t<\/div>\n\t\t\t\t<\/div>\n\t\t\t\t\t<\/div>\n\t\t<\/div>\n\t\t\t\t\t\t\t<\/div>\n\t\t<\/section>\n\t\t\t\t\t\t\t<\/div>\n\t\t","protected":false},"excerpt":{"rendered":"<p>COOKIE POLICY Sul Sito che stai visitando utilizziamo i \u201ccookie\u201d:\u00a0 tecnologie utili a migliorare la tua navigazione.Con la presente Policy vogliamo farti comprendere le caratteristiche e finalit\u00e0 dei cookie e le modalit\u00e0 con cui eventualmente disabilitarli.Nella nostra qualit\u00e0 di Titolari del trattamento dei dati personali potremo modificare questa Policy in qualsiasi momento: ogni modifica avr\u00e0 &hellip;<\/p>\n<p class=\"read-more\"> <a class=\"\" href=\"https:\/\/www.istitutocomprensivofuscaldo.edu.it\/?page_id=3\"> <span class=\"screen-reader-text\">Privacy policy<\/span> Leggi altro &raquo;<\/a><\/p>\n","protected":false},"author":1,"featured_media":0,"parent":0,"menu_order":0,"comment_status":"closed","ping_status":"open","template":"","meta":[],"_links":{"self":[{"href":"https:\/\/www.istitutocomprensivofuscaldo.edu.it\/index.php?rest_route=\/wp\/v2\/pages\/3"}],"collection":[{"href":"https:\/\/www.istitutocomprensivofuscaldo.edu.it\/index.php?rest_route=\/wp\/v2\/pages"}],"about":[{"href":"https:\/\/www.istitutocomprensivofuscaldo.edu.it\/index.php?rest_route=\/wp\/v2\/types\/page"}],"author":[{"embeddable":true,"href":"https:\/\/www.istitutocomprensivofuscaldo.edu.it\/index.php?rest_route=\/wp\/v2\/users\/1"}],"replies":[{"embeddable":true,"href":"https:\/\/www.istitutocomprensivofuscaldo.edu.it\/index.php?rest_route=%2Fwp%2Fv2%2Fcomments&post=3"}],"version-history":[{"count":10,"href":"https:\/\/www.istitutocomprensivofuscaldo.edu.it\/index.php?rest_route=\/wp\/v2\/pages\/3\/revisions"}],"predecessor-version":[{"id":594,"href":"https:\/\/www.istitutocomprensivofuscaldo.edu.it\/index.php?rest_route=\/wp\/v2\/pages\/3\/revisions\/594"}],"wp:attachment":[{"href":"https:\/\/www.istitutocomprensivofuscaldo.edu.it\/index.php?rest_route=%2Fwp%2Fv2%2Fmedia&parent=3"}],"curies":[{"name":"wp","href":"https:\/\/api.w.org\/{rel}","templated":true}]}}